{"id":1105,"date":"2022-06-14T16:34:46","date_gmt":"2022-06-14T15:34:46","guid":{"rendered":"https:\/\/benjaminbech.dk\/?page_id=1105"},"modified":"2023-11-26T20:53:58","modified_gmt":"2023-11-26T19:53:58","slug":"podcast","status":"publish","type":"page","link":"https:\/\/benjaminbech.dk\/en\/podcast\/","title":{"rendered":"Podcast"},"content":{"rendered":"<div class=\"wp-block-columns is-layout-flex wp-container-core-columns-is-layout-9d6595d7 wp-block-columns-is-layout-flex\">\n<div class=\"wp-block-column is-layout-flow wp-block-column-is-layout-flow\"><div class=\"wp-block-image is-resized\">\n<figure class=\"aligncenter size-large\"><img loading=\"lazy\" decoding=\"async\" width=\"1024\" height=\"921\" src=\"https:\/\/benjaminbech.dk\/wp-content\/uploads\/2022\/04\/Fjernedoenninger_BenjaminBech-podcast-1024x921.jpg\" alt=\"\" class=\"wp-image-722\" style=\"width:618px;height:auto\" srcset=\"https:\/\/benjaminbech.dk\/wp-content\/uploads\/2022\/04\/Fjernedoenninger_BenjaminBech-podcast-1024x921.jpg 1024w, https:\/\/benjaminbech.dk\/wp-content\/uploads\/2022\/04\/Fjernedoenninger_BenjaminBech-podcast-300x270.jpg 300w, https:\/\/benjaminbech.dk\/wp-content\/uploads\/2022\/04\/Fjernedoenninger_BenjaminBech-podcast-768x690.jpg 768w, https:\/\/benjaminbech.dk\/wp-content\/uploads\/2022\/04\/Fjernedoenninger_BenjaminBech-podcast-1536x1381.jpg 1536w, https:\/\/benjaminbech.dk\/wp-content\/uploads\/2022\/04\/Fjernedoenninger_BenjaminBech-podcast-2048x1841.jpg 2048w, https:\/\/benjaminbech.dk\/wp-content\/uploads\/2022\/04\/Fjernedoenninger_BenjaminBech-podcast-13x12.jpg 13w\" sizes=\"auto, (max-width: 1024px) 100vw, 1024px\" \/><\/figure>\n<\/div><\/div>\n<\/div>\n\n\n\n<p><\/p>\n\n\n\n<p><strong>Vildspil &#8211; En podcast om tradition og musikerskab<\/strong> investigates what role tradition plays for professional musicians and people who work with folk and traditional music in different ways. <\/p>\n\n\n\n<p>In this podcast, I am investigating the role tradition plays for different folk musicians and people who work with traditional music in different ways. \n\nThrough the episodes, a number of people open their doors and talk about their lives with music and tradition. <\/p>\n\n\n\n<p>The goal is not to find out what is right and wrong, but to give a more diverse picture of what tradition can be when we talk about folk music.<\/p>\n\n\n\n<p><\/p>\n\n\n\n<p class=\"has-text-align-center\"><strong>Link to the podcast:<\/strong><\/p>\n\n\n\n<div class=\"wp-block-buttons is-content-justification-center is-layout-flex wp-container-core-buttons-is-layout-16018d1d wp-block-buttons-is-layout-flex\">\n<div class=\"wp-block-button is-style-fill\"><a class=\"wp-block-button__link wp-element-button\" href=\"https:\/\/radiofolk.dk\/captivate-category\/vildspil\/\" target=\"_blank\" rel=\"noreferrer noopener\">VIldspil &#8211; podcast<\/a><\/div>\n<\/div>\n\n\n\n<p><\/p>\n\n\n\n<p class=\"has-text-align-center\">The podcast is published in collaboration with <strong>Radiofolk.dk<\/strong> - On their website you can find several programs about Danish folk music and much more.<\/p>\n\n\n<div class=\"wp-block-image is-style-default\">\n<figure class=\"aligncenter size-large is-resized\"><a href=\"https:\/\/radiofolk.dk\/\"><img loading=\"lazy\" decoding=\"async\" width=\"1024\" height=\"1024\" src=\"https:\/\/benjaminbech.dk\/wp-content\/uploads\/2023\/11\/259127145_286529963481864_5757845489769918585_n-1024x1024.jpg\" alt=\"\" class=\"wp-image-1298\" style=\"width:556px;height:auto\" srcset=\"https:\/\/benjaminbech.dk\/wp-content\/uploads\/2023\/11\/259127145_286529963481864_5757845489769918585_n-1024x1024.jpg 1024w, https:\/\/benjaminbech.dk\/wp-content\/uploads\/2023\/11\/259127145_286529963481864_5757845489769918585_n-300x300.jpg 300w, https:\/\/benjaminbech.dk\/wp-content\/uploads\/2023\/11\/259127145_286529963481864_5757845489769918585_n-150x150.jpg 150w, https:\/\/benjaminbech.dk\/wp-content\/uploads\/2023\/11\/259127145_286529963481864_5757845489769918585_n-768x768.jpg 768w, https:\/\/benjaminbech.dk\/wp-content\/uploads\/2023\/11\/259127145_286529963481864_5757845489769918585_n-12x12.jpg 12w, https:\/\/benjaminbech.dk\/wp-content\/uploads\/2023\/11\/259127145_286529963481864_5757845489769918585_n.jpg 1400w\" sizes=\"auto, (max-width: 1024px) 100vw, 1024px\" \/><\/a><\/figure>\n<\/div>","protected":false},"excerpt":{"rendered":"<p>Vildspil &#8211; En podcast om tradition og musikerskab unders\u00f8ger, hvilken rolle tradition spiller for professionelle musikere og folk som arbejder med folke- og traditionsmusik p\u00e5 forskellige m\u00e5der. I denne podcast<span class=\"more-button\"><a href=\"https:\/\/benjaminbech.dk\/en\/podcast\/\" class=\"more-link\">Continue reading<span class=\"screen-reader-text\">Podcast<\/span><\/a><\/span><\/p>","protected":false},"author":1,"featured_media":0,"parent":0,"menu_order":0,"comment_status":"closed","ping_status":"closed","template":"","meta":{"footnotes":""},"class_list":["post-1105","page","type-page","status-publish","hentry"],"_links":{"self":[{"href":"https:\/\/benjaminbech.dk\/en\/wp-json\/wp\/v2\/pages\/1105","targetHints":{"allow":["GET"]}}],"collection":[{"href":"https:\/\/benjaminbech.dk\/en\/wp-json\/wp\/v2\/pages"}],"about":[{"href":"https:\/\/benjaminbech.dk\/en\/wp-json\/wp\/v2\/types\/page"}],"author":[{"embeddable":true,"href":"https:\/\/benjaminbech.dk\/en\/wp-json\/wp\/v2\/users\/1"}],"replies":[{"embeddable":true,"href":"https:\/\/benjaminbech.dk\/en\/wp-json\/wp\/v2\/comments?post=1105"}],"version-history":[{"count":32,"href":"https:\/\/benjaminbech.dk\/en\/wp-json\/wp\/v2\/pages\/1105\/revisions"}],"predecessor-version":[{"id":1309,"href":"https:\/\/benjaminbech.dk\/en\/wp-json\/wp\/v2\/pages\/1105\/revisions\/1309"}],"wp:attachment":[{"href":"https:\/\/benjaminbech.dk\/en\/wp-json\/wp\/v2\/media?parent=1105"}],"curies":[{"name":"wp","href":"https:\/\/api.w.org\/{rel}","templated":true}]}}