{"id":1388,"date":"2024-01-25T10:44:38","date_gmt":"2024-01-25T09:44:38","guid":{"rendered":"https:\/\/benjaminbech.dk\/?page_id=1388"},"modified":"2024-01-25T12:04:40","modified_gmt":"2024-01-25T11:04:40","slug":"ginnunga","status":"publish","type":"page","link":"https:\/\/benjaminbech.dk\/en\/ginnunga\/","title":{"rendered":"Ginnunga"},"content":{"rendered":"<h2 class=\"wp-block-heading has-text-align-center\">GINNUNGA<\/h2>\n\n\n\n<p class=\"has-text-align-center\"><em>Kaosrummet hvor m\u00f8det mellem klassisk og folkemusik skaber et nyt musikalsk kosmos<\/em><br><\/p>\n\n\n\n<div class=\"wp-block-columns is-layout-flex wp-container-core-columns-is-layout-9d6595d7 wp-block-columns-is-layout-flex\">\n<div class=\"wp-block-column is-layout-flow wp-block-column-is-layout-flow\">\n<p><br><br><strong>Ginnunga<\/strong> is a chamber folk duo consisting of Julie Holmegaard Schade on classical accordion and Benjamin B\u00f8gelund Bech on folk clarinet.&nbsp;<br><br>Duoen er skabt ud fra en f\u00e6lles nysgerrighed for det musikalske kaosrum, hvor vi igennem improvisatoriske samtaler, unders\u00f8ger nye kunstneriske veje p\u00e5 tv\u00e6rs af genrer, som skaber et helt nyt musikalsk univers.<\/p>\n<\/div>\n\n\n\n<div class=\"wp-block-column is-layout-flow wp-block-column-is-layout-flow\">\n<figure class=\"wp-block-image size-large\"><img loading=\"lazy\" decoding=\"async\" width=\"1024\" height=\"1024\" src=\"https:\/\/benjaminbech.dk\/wp-content\/uploads\/2024\/01\/Ginnunga_1-1024x1024.jpg\" alt=\"\" class=\"wp-image-1395\" srcset=\"https:\/\/benjaminbech.dk\/wp-content\/uploads\/2024\/01\/Ginnunga_1-1024x1024.jpg 1024w, https:\/\/benjaminbech.dk\/wp-content\/uploads\/2024\/01\/Ginnunga_1-300x300.jpg 300w, https:\/\/benjaminbech.dk\/wp-content\/uploads\/2024\/01\/Ginnunga_1-150x150.jpg 150w, https:\/\/benjaminbech.dk\/wp-content\/uploads\/2024\/01\/Ginnunga_1-768x768.jpg 768w, https:\/\/benjaminbech.dk\/wp-content\/uploads\/2024\/01\/Ginnunga_1-12x12.jpg 12w, https:\/\/benjaminbech.dk\/wp-content\/uploads\/2024\/01\/Ginnunga_1.jpg 1280w\" sizes=\"auto, (max-width: 1024px) 100vw, 1024px\" \/><\/figure>\n<\/div>\n<\/div>\n\n\n\n<div class=\"wp-block-columns is-layout-flex wp-container-core-columns-is-layout-9d6595d7 wp-block-columns-is-layout-flex\">\n<div class=\"wp-block-column is-layout-flow wp-block-column-is-layout-flow\" style=\"flex-basis:66.66%\">\n<figure class=\"wp-block-embed is-type-video is-provider-youtube wp-block-embed-youtube wp-embed-aspect-16-9 wp-has-aspect-ratio\"><div class=\"wp-block-embed__wrapper\">\n<iframe loading=\"lazy\" title=\"GINNUNGA - The Oak\" width=\"920\" height=\"518\" src=\"https:\/\/www.youtube.com\/embed\/Y920mS2ttw4?feature=oembed\" frameborder=\"0\" allow=\"accelerometer; autoplay; clipboard-write; encrypted-media; gyroscope; picture-in-picture; web-share\" allowfullscreen><\/iframe>\n<\/div><\/figure>\n<\/div>\n\n\n\n<div class=\"wp-block-column is-layout-flow wp-block-column-is-layout-flow\" style=\"flex-basis:33.33%\">\n<p><br>Musikken ligger i gr\u00e6nselandet mellem det klassiske og folkelige, som tilbyder publikum at tage del i en n\u00e6rv\u00e6rende musikalsk oplevelse. <br><br>Her skabes et tilstedev\u00e6rende minikosmos i dagligdagens til tider kaotiske st\u00f8j.<\/p>\n<\/div>\n<\/div>\n\n\n\n<figure class=\"wp-block-embed is-type-rich is-provider-spotify wp-block-embed-spotify wp-embed-aspect-21-9 wp-has-aspect-ratio\"><div class=\"wp-block-embed__wrapper\">\n<iframe title=\"Spotify Embed: Ginnunga\" style=\"border-radius: 12px\" width=\"100%\" height=\"352\" frameborder=\"0\" allowfullscreen allow=\"autoplay; clipboard-write; encrypted-media; fullscreen; picture-in-picture\" loading=\"lazy\" src=\"https:\/\/open.spotify.com\/embed\/artist\/45IYnNB4rhulSA7MSSgxGd?si=fpjr3UC3QRKgB9Q95GpILQ&#038;utm_source=oembed\"><\/iframe>\n<\/div><\/figure>\n\n\n\n<p><\/p>\n\n\n\n<div class=\"wp-block-buttons is-content-justification-center is-layout-flex wp-container-core-buttons-is-layout-16018d1d wp-block-buttons-is-layout-flex\">\n<div class=\"wp-block-button\"><a class=\"wp-block-button__link has-text-align-center wp-element-button\" href=\"http:\/\/www.ginnunga.dk\" target=\"_blank\" rel=\"noreferrer noopener\">HjemmESIDE<\/a><\/div>\n<\/div>\n\n\n<ul id=\"\" class=\"cnss-social-icon\" style=\"text-align:center;\"><li class=\"cn-fa-ginnunga cn-fa-icon\" style=\"display:inline-block;\"><a class=\"\" target=\"_blank\" href=\"https:\/\/facebook.com\/GinnungaMusic\" title=\"Ginnunga\" style=\"width:48px;height:48px;padding:8px 0;margin:2px;color: #ffffff;border-radius: 50%;\"><i title=\"Ginnunga\" style=\"font-size:32px;\" class=\"fab fa-facebook-f\"><\/i><\/a><\/li><li class=\"cn-fa-ginnunga cn-fa-icon\" style=\"display:inline-block;\"><a class=\"\" target=\"_blank\" href=\"https:\/\/open.spotify.com\/artist\/45IYnNB4rhulSA7MSSgxGd?si=Ek55dAI2QPCm_j8lSqIUug\" title=\"Ginnunga\" style=\"width:48px;height:48px;padding:8px 0;margin:2px;color: #ffffff;border-radius: 50%;\"><i title=\"Ginnunga\" style=\"font-size:32px;\" class=\"fab fa-spotify\"><\/i><\/a><\/li><\/ul>","protected":false},"excerpt":{"rendered":"<p>GINNUNGA Kaosrummet hvor m\u00f8det mellem klassisk og folkemusik skaber et nyt musikalsk kosmos Ginnunga er en kammerfolk duo, som best\u00e5r af Julie Holmegaard Schade p\u00e5 klassisk accordeon og Benjamin B\u00f8gelund<span class=\"more-button\"><a href=\"https:\/\/benjaminbech.dk\/en\/ginnunga\/\" class=\"more-link\">Continue reading<span class=\"screen-reader-text\">Ginnunga<\/span><\/a><\/span><\/p>","protected":false},"author":1,"featured_media":0,"parent":0,"menu_order":0,"comment_status":"closed","ping_status":"closed","template":"","meta":{"footnotes":""},"class_list":["post-1388","page","type-page","status-publish","hentry"],"_links":{"self":[{"href":"https:\/\/benjaminbech.dk\/en\/wp-json\/wp\/v2\/pages\/1388","targetHints":{"allow":["GET"]}}],"collection":[{"href":"https:\/\/benjaminbech.dk\/en\/wp-json\/wp\/v2\/pages"}],"about":[{"href":"https:\/\/benjaminbech.dk\/en\/wp-json\/wp\/v2\/types\/page"}],"author":[{"embeddable":true,"href":"https:\/\/benjaminbech.dk\/en\/wp-json\/wp\/v2\/users\/1"}],"replies":[{"embeddable":true,"href":"https:\/\/benjaminbech.dk\/en\/wp-json\/wp\/v2\/comments?post=1388"}],"version-history":[{"count":32,"href":"https:\/\/benjaminbech.dk\/en\/wp-json\/wp\/v2\/pages\/1388\/revisions"}],"predecessor-version":[{"id":1480,"href":"https:\/\/benjaminbech.dk\/en\/wp-json\/wp\/v2\/pages\/1388\/revisions\/1480"}],"wp:attachment":[{"href":"https:\/\/benjaminbech.dk\/en\/wp-json\/wp\/v2\/media?parent=1388"}],"curies":[{"name":"wp","href":"https:\/\/api.w.org\/{rel}","templated":true}]}}