{"id":1390,"date":"2024-01-25T10:44:56","date_gmt":"2024-01-25T09:44:56","guid":{"rendered":"https:\/\/benjaminbech.dk\/?page_id=1390"},"modified":"2024-01-29T20:52:25","modified_gmt":"2024-01-29T19:52:25","slug":"nufolk","status":"publish","type":"page","link":"https:\/\/benjaminbech.dk\/en\/nufolk\/","title":{"rendered":"Nufolk"},"content":{"rendered":"<h2 class=\"wp-block-heading has-text-align-center\">NUFOLK<\/h2>\n\n\n\n<p class=\"has-text-align-center\">Internationalt samarbejde medfinansieret af Creative Europe Programme of European Union<br><\/p>\n\n\n\n<div class=\"wp-block-columns is-layout-flex wp-container-core-columns-is-layout-9d6595d7 wp-block-columns-is-layout-flex\">\n<div class=\"wp-block-column is-layout-flow wp-block-column-is-layout-flow\">\n<p><br><strong>Nufolk<\/strong> er et internationalt samarbejde, som best\u00e5r af et 12 personers orkester og et kontinuerligt projekt med fokus p\u00e5 at bringe musikere fra forskellige kulturer sammen.<br><br>\u00d8nsket er at styrke det profesionelle samarbejde mellem musikere, som arbejder med folkelig musik, p\u00e5 tv\u00e6rs af landegr\u00e6nser.<\/p>\n<\/div>\n\n\n\n<div class=\"wp-block-column is-layout-flow wp-block-column-is-layout-flow\">\n<figure class=\"wp-block-image size-large is-resized\"><img loading=\"lazy\" decoding=\"async\" width=\"1024\" height=\"683\" src=\"https:\/\/benjaminbech.dk\/wp-content\/uploads\/2022\/01\/nufolk_benjamin_clarinet-1024x683.jpg\" alt=\"\" class=\"wp-image-666\" style=\"width:457px;height:auto\" srcset=\"https:\/\/benjaminbech.dk\/wp-content\/uploads\/2022\/01\/nufolk_benjamin_clarinet-1024x683.jpg 1024w, https:\/\/benjaminbech.dk\/wp-content\/uploads\/2022\/01\/nufolk_benjamin_clarinet-300x200.jpg 300w, https:\/\/benjaminbech.dk\/wp-content\/uploads\/2022\/01\/nufolk_benjamin_clarinet-768x512.jpg 768w, https:\/\/benjaminbech.dk\/wp-content\/uploads\/2022\/01\/nufolk_benjamin_clarinet-1536x1024.jpg 1536w, https:\/\/benjaminbech.dk\/wp-content\/uploads\/2022\/01\/nufolk_benjamin_clarinet-2048x1365.jpg 2048w, https:\/\/benjaminbech.dk\/wp-content\/uploads\/2022\/01\/nufolk_benjamin_clarinet-18x12.jpg 18w, https:\/\/benjaminbech.dk\/wp-content\/uploads\/2022\/01\/nufolk_benjamin_clarinet-963x642.jpg 963w\" sizes=\"auto, (max-width: 1024px) 100vw, 1024px\" \/><\/figure>\n<\/div>\n<\/div>\n\n\n\n<p><\/p>\n\n\n\n<div class=\"wp-block-columns is-layout-flex wp-container-core-columns-is-layout-9d6595d7 wp-block-columns-is-layout-flex\">\n<div class=\"wp-block-column is-layout-flow wp-block-column-is-layout-flow\">\n<figure class=\"wp-block-embed is-type-video is-provider-youtube wp-block-embed-youtube wp-embed-aspect-16-9 wp-has-aspect-ratio\"><div class=\"wp-block-embed__wrapper\">\n<iframe loading=\"lazy\" title=\"Nufolk Global Connections documentary\" width=\"920\" height=\"518\" src=\"https:\/\/www.youtube.com\/embed\/bKcCZeBOxbI?feature=oembed\" frameborder=\"0\" allow=\"accelerometer; autoplay; clipboard-write; encrypted-media; gyroscope; picture-in-picture; web-share\" allowfullscreen><\/iframe>\n<\/div><\/figure>\n<\/div>\n\n\n\n<div class=\"wp-block-column is-layout-flow wp-block-column-is-layout-flow\">\n<p><br><strong>Nufolk Global Connections Orchestra<\/strong> er et 12 personers orkester med 7 nationaliteter. <br><br>Orkestrets arbejdsproces bygger p\u00e5 samskabelse, hvor de unders\u00f8ger resonansen n\u00e5r forskellige musikalske kulturer m\u00f8des.<\/p>\n<\/div>\n<\/div>\n\n\n\n<p><\/p>\n\n\n\n<div class=\"wp-block-columns is-layout-flex wp-container-core-columns-is-layout-9d6595d7 wp-block-columns-is-layout-flex\">\n<div class=\"wp-block-column is-layout-flow wp-block-column-is-layout-flow\">\n<p><strong>Nufolk Collective<\/strong> er et \u00e5rligt projekt, hvor 5 musikere med forskellige nationaliteter s\u00e6ttes til at udarbejde en koncert i forbindelse med Alkantara Festival p\u00e5 Sicilien.<br><br>Form\u00e5l er at etablere b\u00e6redygtige og professionelle samarbejder mellem musikerne for fremtidige projekter.  <\/p>\n<\/div>\n\n\n\n<div class=\"wp-block-column is-layout-flow wp-block-column-is-layout-flow\">\n<figure class=\"wp-block-embed is-type-video is-provider-youtube wp-block-embed-youtube wp-embed-aspect-16-9 wp-has-aspect-ratio\"><div class=\"wp-block-embed__wrapper\">\n<iframe loading=\"lazy\" title=\"Nufolk Collective 2023\" width=\"920\" height=\"518\" src=\"https:\/\/www.youtube.com\/embed\/NAYtURMyoNQ?feature=oembed\" frameborder=\"0\" allow=\"accelerometer; autoplay; clipboard-write; encrypted-media; gyroscope; picture-in-picture; web-share\" allowfullscreen><\/iframe>\n<\/div><\/figure>\n<\/div>\n<\/div>\n\n\n\n<figure class=\"wp-block-embed is-type-rich is-provider-spotify wp-block-embed-spotify wp-embed-aspect-21-9 wp-has-aspect-ratio\"><div class=\"wp-block-embed__wrapper\">\n<iframe title=\"Spotify Embed: Nufolk Global Connections Orchestra\" style=\"border-radius: 12px\" width=\"100%\" height=\"352\" frameborder=\"0\" allowfullscreen allow=\"autoplay; clipboard-write; encrypted-media; fullscreen; picture-in-picture\" loading=\"lazy\" src=\"https:\/\/open.spotify.com\/embed\/artist\/6DDD15OvtYhXgP38J6h8UM?si=9N-6ofJETWWLugGrKPJd1A&#038;utm_source=oembed\"><\/iframe>\n<\/div><\/figure>\n\n\n\n<p><\/p>\n\n\n\n<div class=\"wp-block-buttons is-content-justification-center is-layout-flex wp-container-core-buttons-is-layout-16018d1d wp-block-buttons-is-layout-flex\">\n<div class=\"wp-block-button\"><a class=\"wp-block-button__link wp-element-button\" href=\"http:\/\/www.nufolk.eu\" target=\"_blank\" rel=\"noreferrer noopener\">Hjemmeside<\/a><\/div>\n<\/div>\n\n\n<ul id=\"\" class=\"cnss-social-icon\" style=\"text-align:center;\"><li class=\"cn-fa-nufolk cn-fa-icon\" style=\"display:inline-block;\"><a class=\"\" target=\"_blank\" href=\"https:\/\/www.facebook.com\/nufolk.eu\" title=\"Nufolk\" style=\"width:48px;height:48px;padding:8px 0;margin:2px;color: #ffffff;border-radius: 50%;\"><i title=\"Nufolk\" style=\"font-size:32px;\" class=\"fab fa-facebook-f\"><\/i><\/a><\/li><li class=\"cn-fa-nufolk-album cn-fa-icon\" style=\"display:inline-block;\"><a class=\"\" target=\"_blank\" href=\"https:\/\/open.spotify.com\/artist\/6DDD15OvtYhXgP38J6h8UM?si=ctXv7k01R32GdwMsOhM5Pw\" title=\"Nufolk Album\" style=\"width:48px;height:48px;padding:8px 0;margin:2px;color: #ffffff;border-radius: 50%;\"><i title=\"Nufolk Album\" style=\"font-size:32px;\" class=\"fab fa-spotify\"><\/i><\/a><\/li><\/ul>","protected":false},"excerpt":{"rendered":"<p>NUFOLK Internationalt samarbejde medfinansieret af Creative Europe Programme of European Union Nufolk er et internationalt samarbejde, som best\u00e5r af et 12 personers orkester og et kontinuerligt projekt med fokus p\u00e5<span class=\"more-button\"><a href=\"https:\/\/benjaminbech.dk\/en\/nufolk\/\" class=\"more-link\">Continue reading<span class=\"screen-reader-text\">Nufolk<\/span><\/a><\/span><\/p>","protected":false},"author":1,"featured_media":0,"parent":0,"menu_order":0,"comment_status":"closed","ping_status":"closed","template":"","meta":{"footnotes":""},"class_list":["post-1390","page","type-page","status-publish","hentry"],"_links":{"self":[{"href":"https:\/\/benjaminbech.dk\/en\/wp-json\/wp\/v2\/pages\/1390","targetHints":{"allow":["GET"]}}],"collection":[{"href":"https:\/\/benjaminbech.dk\/en\/wp-json\/wp\/v2\/pages"}],"about":[{"href":"https:\/\/benjaminbech.dk\/en\/wp-json\/wp\/v2\/types\/page"}],"author":[{"embeddable":true,"href":"https:\/\/benjaminbech.dk\/en\/wp-json\/wp\/v2\/users\/1"}],"replies":[{"embeddable":true,"href":"https:\/\/benjaminbech.dk\/en\/wp-json\/wp\/v2\/comments?post=1390"}],"version-history":[{"count":19,"href":"https:\/\/benjaminbech.dk\/en\/wp-json\/wp\/v2\/pages\/1390\/revisions"}],"predecessor-version":[{"id":1537,"href":"https:\/\/benjaminbech.dk\/en\/wp-json\/wp\/v2\/pages\/1390\/revisions\/1537"}],"wp:attachment":[{"href":"https:\/\/benjaminbech.dk\/en\/wp-json\/wp\/v2\/media?parent=1390"}],"curies":[{"name":"wp","href":"https:\/\/api.w.org\/{rel}","templated":true}]}}