{"id":1514,"date":"2024-01-25T12:52:24","date_gmt":"2024-01-25T11:52:24","guid":{"rendered":"https:\/\/benjaminbech.dk\/?page_id=1514"},"modified":"2024-01-25T13:35:36","modified_gmt":"2024-01-25T12:35:36","slug":"om","status":"publish","type":"page","link":"https:\/\/benjaminbech.dk\/en\/om\/","title":{"rendered":"Om"},"content":{"rendered":"<div class=\"wp-block-columns is-layout-flex wp-container-core-columns-is-layout-9d6595d7 wp-block-columns-is-layout-flex\">\n<div class=\"wp-block-column is-layout-flow wp-block-column-is-layout-flow\">\n<p><br><br><br><br><strong>Benjamin B\u00f8gelund Bech<\/strong><\/p>\n\n\n\n<p>er en berejst musiker, som er vokset op med den traditionelle folkemusik og -dans.&nbsp;<\/p>\n\n\n\n<p>Han debuterede fra solistuddannelsen Contemporary Creative Artist fra Syddansk Musikkonservatorium i Esbjerg, hvor han til dagligt underviser p\u00e5 Folkemusiklinjen.&nbsp;<\/p>\n\n\n\n<p>Med en bred kunstnerisk erfaring som studie- og scenemusiker, br\u00e6nder Benjamin for de samskabende processer p\u00e5 tv\u00e6rs af genrer.<\/p>\n<\/div>\n\n\n\n<div class=\"wp-block-column is-layout-flow wp-block-column-is-layout-flow\">\n<figure class=\"wp-block-image size-large\"><img loading=\"lazy\" decoding=\"async\" width=\"683\" height=\"1024\" src=\"https:\/\/benjaminbech.dk\/wp-content\/uploads\/2021\/01\/benjaminbech_cliarnet_Davidfaurskovjensen-683x1024.jpg\" alt=\"\" class=\"wp-image-434\" srcset=\"https:\/\/benjaminbech.dk\/wp-content\/uploads\/2021\/01\/benjaminbech_cliarnet_Davidfaurskovjensen-683x1024.jpg 683w, https:\/\/benjaminbech.dk\/wp-content\/uploads\/2021\/01\/benjaminbech_cliarnet_Davidfaurskovjensen-200x300.jpg 200w, https:\/\/benjaminbech.dk\/wp-content\/uploads\/2021\/01\/benjaminbech_cliarnet_Davidfaurskovjensen-768x1152.jpg 768w, https:\/\/benjaminbech.dk\/wp-content\/uploads\/2021\/01\/benjaminbech_cliarnet_Davidfaurskovjensen-1024x1536.jpg 1024w, https:\/\/benjaminbech.dk\/wp-content\/uploads\/2021\/01\/benjaminbech_cliarnet_Davidfaurskovjensen-8x12.jpg 8w, https:\/\/benjaminbech.dk\/wp-content\/uploads\/2021\/01\/benjaminbech_cliarnet_Davidfaurskovjensen.jpg 1365w\" sizes=\"auto, (max-width: 683px) 100vw, 683px\" \/><\/figure>\n<\/div>\n<\/div>","protected":false},"excerpt":{"rendered":"<p>Benjamin B\u00f8gelund Bech er en berejst musiker, som er vokset op med den traditionelle folkemusik og -dans.&nbsp; Han debuterede fra solistuddannelsen Contemporary Creative Artist fra Syddansk Musikkonservatorium i Esbjerg, hvor<span class=\"more-button\"><a href=\"https:\/\/benjaminbech.dk\/en\/om\/\" class=\"more-link\">Continue reading<span class=\"screen-reader-text\">Om<\/span><\/a><\/span><\/p>","protected":false},"author":1,"featured_media":0,"parent":0,"menu_order":0,"comment_status":"closed","ping_status":"closed","template":"","meta":{"footnotes":""},"class_list":["post-1514","page","type-page","status-publish","hentry"],"_links":{"self":[{"href":"https:\/\/benjaminbech.dk\/en\/wp-json\/wp\/v2\/pages\/1514","targetHints":{"allow":["GET"]}}],"collection":[{"href":"https:\/\/benjaminbech.dk\/en\/wp-json\/wp\/v2\/pages"}],"about":[{"href":"https:\/\/benjaminbech.dk\/en\/wp-json\/wp\/v2\/types\/page"}],"author":[{"embeddable":true,"href":"https:\/\/benjaminbech.dk\/en\/wp-json\/wp\/v2\/users\/1"}],"replies":[{"embeddable":true,"href":"https:\/\/benjaminbech.dk\/en\/wp-json\/wp\/v2\/comments?post=1514"}],"version-history":[{"count":13,"href":"https:\/\/benjaminbech.dk\/en\/wp-json\/wp\/v2\/pages\/1514\/revisions"}],"predecessor-version":[{"id":1535,"href":"https:\/\/benjaminbech.dk\/en\/wp-json\/wp\/v2\/pages\/1514\/revisions\/1535"}],"wp:attachment":[{"href":"https:\/\/benjaminbech.dk\/en\/wp-json\/wp\/v2\/media?parent=1514"}],"curies":[{"name":"wp","href":"https:\/\/api.w.org\/{rel}","templated":true}]}}