{"id":269,"date":"2021-01-12T07:16:19","date_gmt":"2021-01-12T06:16:19","guid":{"rendered":"https:\/\/benjaminbech.dk\/?page_id=269"},"modified":"2024-01-25T12:37:35","modified_gmt":"2024-01-25T11:37:35","slug":"projekter","status":"publish","type":"page","link":"https:\/\/benjaminbech.dk\/en\/projekter\/","title":{"rendered":"Projects"},"content":{"rendered":"<div class=\"wp-block-columns is-layout-flex wp-container-core-columns-is-layout-9d6595d7 wp-block-columns-is-layout-flex\">\n<div class=\"wp-block-column is-layout-flow wp-block-column-is-layout-flow\">\n<figure class=\"wp-block-image size-large is-style-default\"><a href=\"https:\/\/benjaminbech.dk\/en\/ginnunga\/\"><img loading=\"lazy\" decoding=\"async\" width=\"1024\" height=\"1024\" src=\"https:\/\/benjaminbech.dk\/wp-content\/uploads\/2024\/01\/Ginnunga_1-1024x1024.jpg\" alt=\"\" class=\"wp-image-1395\" srcset=\"https:\/\/benjaminbech.dk\/wp-content\/uploads\/2024\/01\/Ginnunga_1-1024x1024.jpg 1024w, https:\/\/benjaminbech.dk\/wp-content\/uploads\/2024\/01\/Ginnunga_1-300x300.jpg 300w, https:\/\/benjaminbech.dk\/wp-content\/uploads\/2024\/01\/Ginnunga_1-150x150.jpg 150w, https:\/\/benjaminbech.dk\/wp-content\/uploads\/2024\/01\/Ginnunga_1-768x768.jpg 768w, https:\/\/benjaminbech.dk\/wp-content\/uploads\/2024\/01\/Ginnunga_1-12x12.jpg 12w, https:\/\/benjaminbech.dk\/wp-content\/uploads\/2024\/01\/Ginnunga_1.jpg 1280w\" sizes=\"auto, (max-width: 1024px) 100vw, 1024px\" \/><\/a><\/figure>\n<\/div>\n\n\n\n<div class=\"wp-block-column is-layout-flow wp-block-column-is-layout-flow\">\n<h2 class=\"wp-block-heading has-text-align-center\"><br><br>Ginnunga<\/h2>\n\n\n\n<p class=\"has-text-align-center\"><em>Kaosrummet hvor m\u00f8det mellem klassisk og folkemusik skaber et nyt musikalsk kosmos<\/em>.<br><br>L\u00e6s mere om Ginnunga <a href=\"https:\/\/benjaminbech.dk\/en\/ginnunga\/\" data-type=\"page\" data-id=\"1388\">her<\/a><\/p>\n<\/div>\n<\/div>\n\n\n\n<div class=\"wp-block-columns is-layout-flex wp-container-core-columns-is-layout-9d6595d7 wp-block-columns-is-layout-flex\">\n<div class=\"wp-block-column is-layout-flow wp-block-column-is-layout-flow\">\n<h2 class=\"wp-block-heading has-text-align-center\"><br><br>Nufolk<\/h2>\n\n\n\n<p class=\"has-text-align-center\">Internationalt orkester og samarbejde medfinansieret af Creative Europe Programme of European Union.<br><br>L\u00e6s mere om Nufolk <a href=\"https:\/\/benjaminbech.dk\/en\/nufolk\/\" data-type=\"page\" data-id=\"1390\">her<\/a><\/p>\n<\/div>\n\n\n\n<div class=\"wp-block-column is-layout-flow wp-block-column-is-layout-flow\">\n<figure class=\"wp-block-image size-full\"><a href=\"https:\/\/benjaminbech.dk\/en\/nufolk\/\"><img loading=\"lazy\" decoding=\"async\" width=\"500\" height=\"500\" src=\"https:\/\/benjaminbech.dk\/wp-content\/uploads\/2022\/06\/71FDZrEUUtL._SS500_.jpg\" alt=\"\" class=\"wp-image-1153\" srcset=\"https:\/\/benjaminbech.dk\/wp-content\/uploads\/2022\/06\/71FDZrEUUtL._SS500_.jpg 500w, https:\/\/benjaminbech.dk\/wp-content\/uploads\/2022\/06\/71FDZrEUUtL._SS500_-300x300.jpg 300w, https:\/\/benjaminbech.dk\/wp-content\/uploads\/2022\/06\/71FDZrEUUtL._SS500_-150x150.jpg 150w, https:\/\/benjaminbech.dk\/wp-content\/uploads\/2022\/06\/71FDZrEUUtL._SS500_-12x12.jpg 12w\" sizes=\"auto, (max-width: 500px) 100vw, 500px\" \/><\/a><\/figure>\n<\/div>\n<\/div>\n\n\n\n<div class=\"wp-block-columns is-layout-flex wp-container-core-columns-is-layout-9d6595d7 wp-block-columns-is-layout-flex\">\n<div class=\"wp-block-column is-layout-flow wp-block-column-is-layout-flow\">\n<figure class=\"wp-block-image size-full\"><a href=\"https:\/\/benjaminbech.dk\/en\/pulk\/\"><img loading=\"lazy\" decoding=\"async\" width=\"640\" height=\"640\" src=\"https:\/\/benjaminbech.dk\/wp-content\/uploads\/2022\/06\/ab67616d0000b273644f3c8b56535e50c56822c4.jpeg\" alt=\"\" class=\"wp-image-1149\" srcset=\"https:\/\/benjaminbech.dk\/wp-content\/uploads\/2022\/06\/ab67616d0000b273644f3c8b56535e50c56822c4.jpeg 640w, https:\/\/benjaminbech.dk\/wp-content\/uploads\/2022\/06\/ab67616d0000b273644f3c8b56535e50c56822c4-300x300.jpeg 300w, https:\/\/benjaminbech.dk\/wp-content\/uploads\/2022\/06\/ab67616d0000b273644f3c8b56535e50c56822c4-150x150.jpeg 150w, https:\/\/benjaminbech.dk\/wp-content\/uploads\/2022\/06\/ab67616d0000b273644f3c8b56535e50c56822c4-12x12.jpeg 12w\" sizes=\"auto, (max-width: 640px) 100vw, 640px\" \/><\/a><\/figure>\n<\/div>\n\n\n\n<div class=\"wp-block-column is-layout-flow wp-block-column-is-layout-flow\">\n<h2 class=\"wp-block-heading has-text-align-center\"><br><br>P\u00daLK<\/h2>\n\n\n\n<p class=\"has-text-align-center\">Folkemusikkens urolige dreng i klassen er blevet voksen og beriger b\u00e5de ind- og udland med deres Bastard-Folk. <br><br>L\u00e6s mere P\u00daLK <a href=\"https:\/\/benjaminbech.dk\/en\/pulk\/\" data-type=\"page\" data-id=\"1392\">her<\/a><\/p>\n<\/div>\n<\/div>","protected":false},"excerpt":{"rendered":"<p>Ginnunga Kaosrummet hvor m\u00f8det mellem klassisk og folkemusik skaber et nyt musikalsk kosmos. L\u00e6s mere om Ginnunga her Nufolk Internationalt orkester og samarbejde medfinansieret af Creative Europe Programme of European<span class=\"more-button\"><a href=\"https:\/\/benjaminbech.dk\/en\/projekter\/\" class=\"more-link\">Continue reading<span class=\"screen-reader-text\">Projects<\/span><\/a><\/span><\/p>","protected":false},"author":1,"featured_media":0,"parent":0,"menu_order":0,"comment_status":"closed","ping_status":"closed","template":"","meta":{"footnotes":""},"class_list":["post-269","page","type-page","status-publish","hentry"],"_links":{"self":[{"href":"https:\/\/benjaminbech.dk\/en\/wp-json\/wp\/v2\/pages\/269","targetHints":{"allow":["GET"]}}],"collection":[{"href":"https:\/\/benjaminbech.dk\/en\/wp-json\/wp\/v2\/pages"}],"about":[{"href":"https:\/\/benjaminbech.dk\/en\/wp-json\/wp\/v2\/types\/page"}],"author":[{"embeddable":true,"href":"https:\/\/benjaminbech.dk\/en\/wp-json\/wp\/v2\/users\/1"}],"replies":[{"embeddable":true,"href":"https:\/\/benjaminbech.dk\/en\/wp-json\/wp\/v2\/comments?post=269"}],"version-history":[{"count":91,"href":"https:\/\/benjaminbech.dk\/en\/wp-json\/wp\/v2\/pages\/269\/revisions"}],"predecessor-version":[{"id":1507,"href":"https:\/\/benjaminbech.dk\/en\/wp-json\/wp\/v2\/pages\/269\/revisions\/1507"}],"wp:attachment":[{"href":"https:\/\/benjaminbech.dk\/en\/wp-json\/wp\/v2\/media?parent=269"}],"curies":[{"name":"wp","href":"https:\/\/api.w.org\/{rel}","templated":true}]}}